{"id":99,"date":"2023-11-02T17:49:31","date_gmt":"2023-11-02T08:49:31","guid":{"rendered":"http:\/\/draco-comvn.check-xserver.jp\/?page_id=99"},"modified":"2026-04-03T11:10:27","modified_gmt":"2026-04-03T02:10:27","slug":"company","status":"publish","type":"page","link":"https:\/\/draco.com.vn\/vi\/company\/","title":{"rendered":"V\u1ec1 ch\u00fang t\u00f4i"},"content":{"rendered":"<section class=\"clearfix\">\n<ul class=\"list_anchor\">\n<li><a href=\"#company_ttl01\">L\u1eddi ch\u00e0o<\/a><\/li>\n<li><a href=\"#company_ttl02\">Ch\u00ednh s\u00e1ch c\u00f4ng ty<\/a><\/li>\n<li><a href=\"#company_ttl03\">S\u01a1 l\u01b0\u1ee3c v\u1ec1 c\u00f4ng ty<\/a><\/li>\n<li><a href=\"#box_location_ttl\">V\u0103n ph\u00f2ng<\/a><\/li>\n<li><a href=\"#box_network_ttl\">M\u1ea1ng l\u01b0\u1edbi to\u00e0n c\u1ea7u<\/a><\/li>\n<\/ul>\n<\/section>\n<h3 id=\"company_ttl01\">L\u1eddi ch\u00e0o<\/h3>\n<section class=\"clearfix company_box\">\n<h4>C\u00f4ng ty ch\u00fang t\u00f4i t\u1ef1 h\u00e0o cung c\u1ea5p d\u1ecbch v\u1ee5 logistics v\u01b0\u1ee3t tr\u1ed9i, \u0111\u01b0\u1ee3c x\u00e2y d\u1ef1ng tr\u00ean n\u1ec1n t\u1ea3ng kinh nghi\u1ec7m chuy\u00ean nghi\u1ec7p v\u00e0 b\u1ec1n v\u1eefng t\u00edch l\u0169y trong su\u1ed1t qu\u00e1 tr\u00ecnh h\u00ecnh th\u00e0nh v\u00e0 ph\u00e1t tri\u1ec3n.<\/h4>\n<p class=\"\">K\u1ec3 t\u1eeb khi \u0111\u01b0\u1ee3c th\u00e0nh l\u1eadp v\u00e0o n\u0103m 1996, ch\u00fang t\u00f4i \u0111\u00e3 gia nh\u1eadp v\u00e0o ng\u00e0nh d\u1ecbch v\u1ee5 logistics t\u1ea1i Vi\u1ec7t Nam trong h\u01a1n 26 n\u0103m v\u1edbi s\u1ef1 \u1ee7ng h\u1ed9 c\u1ee7a nhi\u1ec1u kh\u00e1ch h\u00e0ng v\u00e0 \u0111\u1ed1i t\u00e1c kinh doanh. V\u1edbi s\u1ef1 ph\u00e1t tri\u1ec3n c\u1ee7a n\u1ec1n kinh t\u1ebf Vi\u1ec7t Nam, m\u00f4i tr\u01b0\u1eddng ng\u00e0nh logistics v\u00e0 y\u00eau c\u1ea7u c\u1ee7a kh\u00e1ch h\u00e0ng \u0111\u00e3 thay \u0111\u1ed5i \u0111\u00e1ng k\u1ec3, v\u00e0 trong nh\u1eefng n\u0103m g\u1ea7n \u0111\u00e2y, c\u00e0ng c\u00f3 nhi\u1ec1u \u0111\u00f2i h\u1ecfi v\u1ec1 vi\u1ec7c ph\u00e1t tri\u1ec3n h\u01a1n n\u1eefa chu\u1ed7i cung \u1ee9ng. Ch\u00fang t\u00f4i, C\u00f4ng ty TNHH Ti\u1ebfp v\u1eadn Th\u0103ng Long, cam k\u1ebft ph\u1ee5c v\u1ee5 ho\u1ea1t \u0111\u1ed9ng kinh doanh c\u1ee7a t\u1ea5t c\u1ea3 kh\u00e1ch h\u00e0ng c\u1ee7a ch\u00fang t\u00f4i t\u1ea1i Vi\u1ec7t Nam b\u1eb1ng c\u00e1ch cung c\u1ea5p c\u00e1c d\u1ecbch v\u1ee5 logistics thu\u1eadn ti\u1ec7n b\u1eb1ng kinh nghi\u1ec7m t\u00edch l\u0169y l\u00e2u d\u00e0i c\u1ee7a c\u00f4ng ty ch\u00fang t\u00f4i. C\u00f4ng ty TNHH Ti\u1ebfp v\u1eadn Th\u0103ng Long mong mu\u1ed1n nh\u1eadn \u0111\u01b0\u1ee3c s\u1ef1 \u1ee7ng h\u1ed9 li\u00ean t\u1ee5c c\u1ee7a qu\u00fd kh\u00e1ch h\u00e0ng trong nh\u1eefng n\u0103m t\u1edbi.<\/p>\n<\/section>\n<h3 id=\"company_ttl02\">Ch\u00ednh s\u00e1ch C\u00f4ng ty<\/h3>\n<h4 class=\"center\">Th\u00e1ch th\u1ee9c &#8211; Cam k\u1ebft &#8211; K\u1ebft n\u1ed1i &#8211; H\u1ee3p t\u00e1c &#8211; Tu\u00e2n th\u1ee7<\/h4>\n<section class=\"clearfix\">\n<div class=\"frame01\">\n<p>&#8220;Ch\u00ednh s\u00e1ch c\u00f4ng ty&#8221;<\/p>\n<dl class=\"company_list\">\n<dt>Th\u00e1ch th\u1ee9c<\/dt>\n<dd>Th\u00e1ch th\u1ee9c gi\u00e1 tr\u1ecb m\u1edbi c\u1ee7a ng\u00e0nh logistics<\/dd>\n<\/dl>\n<dl class=\"company_list\">\n<dt>Cam k\u1ebft<\/dt>\n<dd>Cam k\u1ebft trong d\u1ecbch v\u1ee5 \u0111\u1ed1i v\u1edbi kh\u00e1ch h\u00e0ng<\/dd>\n<\/dl>\n<dl class=\"company_list\">\n<dt>K\u1ebft n\u1ed1i<\/dt>\n<dd>K\u1ebft n\u1ed1i \u0111\u1ec3 ho\u1ea1t \u0111\u1ed9ng t\u1ed1t h\u01a1n<\/dd>\n<\/dl>\n<dl class=\"company_list\">\n<dt>H\u1ee3p t\u00e1c<\/dt>\n<dd>H\u1ee3p t\u00e1c v\u1edbi Kh\u00e1ch h\u00e0ng \u0111\u1ec3 c\u00f3 m\u1ed1i quan h\u1ec7 t\u1ed1t<\/dd>\n<\/dl>\n<dl class=\"company_list\">\n<dt>Tu\u00e2n th\u1ee7<\/dt>\n<dd>Tu\u00e2n th\u1ee7 100% lu\u1eadt ph\u00e1p v\u00e0 quy \u0111\u1ecbnh.<\/dd>\n<\/dl>\n<\/div>\n<\/section>\n<h3 id=\"company_ttl03\">S\u01a1 l\u01b0\u1ee3c v\u1ec1 C\u00f4ng ty<\/h3>\n<section class=\"clearfix\">\n<table class=\"company_tb01\" style=\"width: 68.3663%;\">\n<tbody>\n<tr>\n<th style=\"width: 38.2003%;\">T\u00ean c\u00f4ng ty<\/th>\n<td style=\"width: 76.1744%;\">C\u00f4ng ty TNHH Ti\u1ebfp v\u1eadn Th\u0103ng Long<\/td>\n<\/tr>\n<tr>\n<th style=\"width: 38.2003%;\">Th\u00e0nh l\u1eadp<\/th>\n<td style=\"width: 76.1744%;\">Th\u00e1ng 10 n\u0103m 1996<\/td>\n<\/tr>\n<tr>\n<th style=\"width: 38.2003%;\">V\u1ed1n g\u00f3p<\/th>\n<td style=\"width: 76.1744%;\">4 tri\u1ec7u USD<\/td>\n<\/tr>\n<tr>\n<th style=\"width: 38.2003%;\">C\u1ed5 \u0111\u00f4ng<\/th>\n<td style=\"width: 76.1744%;\">C\u00f4ng ty c\u1ed5 ph\u1ea7n CNCLOGIS H\u01b0ng Y\u00ean (Vi\u1ec7t Nam\uff09<br class=\"\" \/><a class=\"taglink\" href=\"https:\/\/www.suzuyo.co.jp\/en\/\" target=\"_blank\" rel=\"noopener\">Suzuyo &amp; Co., Ltd. (Nh\u1eadt B\u1ea3n)<\/a><br class=\"\" \/><a class=\"taglink\" href=\"https:\/\/cnctech.vn\/\" target=\"_blank\" rel=\"noopener\">C\u00f4ng ty c\u1ed5 ph\u1ea7n T\u1eadp \u0111o\u00e0n CNCTech (Dravico)(Vi\u1ec7t Nam)<\/a><br class=\"\" \/>C\u00f4ng ty c\u1ed5 ph\u1ea7n Hanel (Vi\u1ec7t Nam\uff09<\/td>\n<\/tr>\n<tr>\n<th style=\"width: 38.2003%;\">S\u1ed1 l\u01b0\u1ee3ng nh\u00e2n vi\u00ean<\/th>\n<td style=\"width: 76.1744%;\">450 (t\u00ednh \u0111\u1ebfn th\u00e1ng 9 n\u0103m 2024)<\/td>\n<\/tr>\n<tr>\n<th style=\"width: 38.2003%;\">L\u0129nh v\u1ef1c kinh doanh ch\u1ee7 y\u1ebfu<\/th>\n<td style=\"width: 76.1744%;\">\u30fbHo\u1ea1t \u0111\u1ed9ng logistics t\u00edch h\u1ee3p tr\u00ean kh\u1eafp Vi\u1ec7t Nam<br class=\"\" \/>\u30fbKho b\u00e3i (Kho th\u01b0\u1eddng v\u00e0 Kho ngo\u1ea1i quan\uff09<br class=\"\" \/>\u30fbV\u1eadn t\u1ea3i n\u1ed9i \u0111\u1ecba<br class=\"\" \/>\u30fbV\u1eadn t\u1ea3i qu\u1ed1c t\u1ebf<br class=\"\" \/>\u30fbTh\u1ee7 t\u1ee5c h\u1ea3i quan<br class=\"\" \/>\u30fbL\u1eafp \u0111\u1eb7t v\u00e0 v\u1eadn chuy\u1ec3n m\u00e1y m\u00f3c thi\u1ebft b\u1ecb<\/td>\n<\/tr>\n<\/tbody>\n<\/table>\n<\/section>\n<p><!--\n\n\n\n<section class=\"clearfix\">\n\n\n<h3 id=\"company_ttl04\">S\u01a1 \u0111\u1ed3 t\u1ed5 ch\u1ee9c<\/h3>\n\n\n\n\n<p class=\"center\"><img decoding=\"async\" src=\"[tmpurl]\/images\/company_chart.png\" alt=\"chart\"><\/p>\n\n\n\n<\/section>\n\n --><\/p>\n","protected":false},"excerpt":{"rendered":"<p>L\u1eddi ch\u00e0o Ch\u00ednh s\u00e1ch c\u00f4ng ty S\u01a1 l\u01b0\u1ee3c v\u1ec1 c\u00f4ng ty V\u0103n ph\u00f2ng M\u1ea1ng l\u01b0\u1edbi to\u00e0n c\u1ea7u L\u1eddi ch\u00e0o C\u00f4ng ty ch\u00fang t\u00f4i t\u1ef1 h\u00e0o cung c\u1ea5p d\u1ecbch v\u1ee5 logistics v\u01b0\u1ee3t tr\u1ed9i, \u0111\u01b0\u1ee3c x\u00e2y d\u1ef1ng tr\u00ean n\u1ec1n t\u1ea3ng kinh nghi\u1ec7m chuy\u00ean nghi\u1ec7p v\u00e0 b\u1ec1n v\u1eefng t\u00edch l\u0169y trong su\u1ed1t qu\u00e1 tr\u00ecnh h\u00ecnh th\u00e0nh v\u00e0 ph\u00e1t [&hellip;]<\/p>\n","protected":false},"author":1,"featured_media":0,"parent":0,"menu_order":0,"comment_status":"closed","ping_status":"closed","template":"","meta":{"_acf_changed":false,"_locale":"vi","_original_post":"http:\/\/draco-comvn.check-xserver.jp\/?page_id=96","footnotes":""},"class_list":["post-99","page","type-page","status-publish","hentry","vi"],"acf":[],"_links":{"self":[{"href":"https:\/\/draco.com.vn\/wp-json\/wp\/v2\/pages\/99","targetHints":{"allow":["GET"]}}],"collection":[{"href":"https:\/\/draco.com.vn\/wp-json\/wp\/v2\/pages"}],"about":[{"href":"https:\/\/draco.com.vn\/wp-json\/wp\/v2\/types\/page"}],"author":[{"embeddable":true,"href":"https:\/\/draco.com.vn\/wp-json\/wp\/v2\/users\/1"}],"replies":[{"embeddable":true,"href":"https:\/\/draco.com.vn\/wp-json\/wp\/v2\/comments?post=99"}],"version-history":[{"count":34,"href":"https:\/\/draco.com.vn\/wp-json\/wp\/v2\/pages\/99\/revisions"}],"predecessor-version":[{"id":277,"href":"https:\/\/draco.com.vn\/wp-json\/wp\/v2\/pages\/99\/revisions\/277"}],"wp:attachment":[{"href":"https:\/\/draco.com.vn\/wp-json\/wp\/v2\/media?parent=99"}],"curies":[{"name":"wp","href":"https:\/\/api.w.org\/{rel}","templated":true}]}}