{"id":193,"date":"2023-11-03T13:04:02","date_gmt":"2023-11-03T04:04:02","guid":{"rendered":"http:\/\/draco-comvn.check-xserver.jp\/?page_id=193"},"modified":"2023-11-03T13:04:12","modified_gmt":"2023-11-03T04:04:12","slug":"thanks","status":"publish","type":"page","link":"https:\/\/draco.com.vn\/vi\/contact\/thanks\/","title":{"rendered":"L\u1eddi c\u1ea3m \u01a1n"},"content":{"rendered":"<section class=\"clearfix contact_box\">\n<h3>C\u1ea3m \u01a1n c\u00e2u h\u1ecfi c\u1ee7a qu\u00fd kh\u00e1ch.<\/h3>\n<div class=\"contact_txt\">\n<p>Nh\u00e2n vi\u00ean c\u1ee7a ch\u00fang t\u00f4i s\u1ebd li\u00ean l\u1ea1c v\u1edbi qu\u00fd kh\u00e1ch s\u1edbm nh\u1ea5t c\u00f3 th\u1ec3.<\/p>\n<p>N\u1ebfu qu\u00fd kh\u00e1ch kh\u00f4ng nh\u1eadn \u0111\u01b0\u1ee3c email tr\u1ea3 l\u1eddi t\u1ef1 \u0111\u1ed9ng c\u1ee7a ch\u00fang t\u00f4i trong v\u00f2ng v\u00e0i gi\u1edd, email \u0111\u00f3 c\u00f3 th\u1ec3 n\u1eb1m trong th\u01b0 m\u1ee5c spam c\u1ee7a b\u1ea1n ho\u1eb7c \u0111\u1ecba ch\u1ec9 email b\u1ea1n \u0111\u00e3 nh\u1eadp c\u00f3 th\u1ec3 kh\u00f4ng ch\u00ednh x\u00e1c.<\/p>\n<p>Trong tr\u01b0\u1eddng h\u1ee3p n\u00e0y, vui l\u00f2ng li\u00ean h\u1ec7 l\u1ea1i v\u1edbi ch\u00fang t\u00f4i b\u1eb1ng c\u00e1ch s\u1eed d\u1ee5ng bi\u1ec3u m\u1eabu c\u00e2u h\u1ecfi ho\u1eb7c li\u00ean h\u1ec7 v\u1edbi ch\u00fang t\u00f4i theo \u0111\u1ecba ch\u1ec9 sau.<\/p>\n<\/p><\/div>\n<p class=\"contact_info\">C\u00d4NG TY TNHH TI\u1ebeP V\u1eacN TH\u0102NG LONG<br \/>marketing@draco-comvn.check-xserver.jp<\/p>\n<p class=\"btn\"><a href=\"https:\/\/draco.com.vn\"><span class=\"btntxt\">Quay l\u1ea1i Trang ch\u1ee7<\/span><span class=\"btn_arr\"><\/span><\/a><\/p>\n<\/section>\n","protected":false},"excerpt":{"rendered":"<p>C\u1ea3m \u01a1n c\u00e2u h\u1ecfi c\u1ee7a qu\u00fd kh\u00e1ch. Nh\u00e2n vi\u00ean c\u1ee7a ch\u00fang t\u00f4i s\u1ebd li\u00ean l\u1ea1c v\u1edbi qu\u00fd kh\u00e1ch s\u1edbm nh\u1ea5t c\u00f3 th\u1ec3. N\u1ebfu qu\u00fd kh\u00e1ch kh\u00f4ng nh\u1eadn \u0111\u01b0\u1ee3c email tr\u1ea3 l\u1eddi t\u1ef1 \u0111\u1ed9ng c\u1ee7a ch\u00fang t\u00f4i trong v\u00f2ng v\u00e0i gi\u1edd, email \u0111\u00f3 c\u00f3 th\u1ec3 n\u1eb1m trong th\u01b0 m\u1ee5c spam c\u1ee7a b\u1ea1n ho\u1eb7c \u0111\u1ecba ch\u1ec9 email [&hellip;]<\/p>\n","protected":false},"author":1,"featured_media":0,"parent":182,"menu_order":0,"comment_status":"closed","ping_status":"closed","template":"","meta":{"_acf_changed":false,"_locale":"vi","_original_post":"http:\/\/draco-comvn.check-xserver.jp\/?page_id=189","footnotes":""},"class_list":["post-193","page","type-page","status-publish","hentry","vi"],"acf":[],"_links":{"self":[{"href":"https:\/\/draco.com.vn\/wp-json\/wp\/v2\/pages\/193","targetHints":{"allow":["GET"]}}],"collection":[{"href":"https:\/\/draco.com.vn\/wp-json\/wp\/v2\/pages"}],"about":[{"href":"https:\/\/draco.com.vn\/wp-json\/wp\/v2\/types\/page"}],"author":[{"embeddable":true,"href":"https:\/\/draco.com.vn\/wp-json\/wp\/v2\/users\/1"}],"replies":[{"embeddable":true,"href":"https:\/\/draco.com.vn\/wp-json\/wp\/v2\/comments?post=193"}],"version-history":[{"count":2,"href":"https:\/\/draco.com.vn\/wp-json\/wp\/v2\/pages\/193\/revisions"}],"predecessor-version":[{"id":195,"href":"https:\/\/draco.com.vn\/wp-json\/wp\/v2\/pages\/193\/revisions\/195"}],"up":[{"embeddable":true,"href":"https:\/\/draco.com.vn\/wp-json\/wp\/v2\/pages\/182"}],"wp:attachment":[{"href":"https:\/\/draco.com.vn\/wp-json\/wp\/v2\/media?parent=193"}],"curies":[{"name":"wp","href":"https:\/\/api.w.org\/{rel}","templated":true}]}}